{"id":1481,"date":"2024-08-01T21:40:00","date_gmt":"2024-08-01T21:40:00","guid":{"rendered":"https:\/\/rh1.voaxaca.tecnm.mx\/?page_id=1481"},"modified":"2026-01-28T02:38:08","modified_gmt":"2026-01-28T02:38:08","slug":"rh","status":"publish","type":"page","link":"https:\/\/rh1.voaxaca.tecnm.mx\/","title":{"rendered":"Departamento de recursos Humanos"},"content":{"rendered":"\t\t<div data-elementor-type=\"wp-page\" data-elementor-id=\"1481\" class=\"elementor elementor-1481\" data-elementor-post-type=\"page\">\n\t\t\t\t<div class=\"elementor-element elementor-element-d6afd0b e-flex e-con-boxed e-con e-parent\" data-id=\"d6afd0b\" data-element_type=\"container\" data-settings=\"{&quot;background_background&quot;:&quot;classic&quot;}\">\n\t\t\t\t\t<div class=\"e-con-inner\">\n\t\t\t\t<div class=\"elementor-element elementor-element-e51e81b elementor-widget elementor-widget-spacer\" data-id=\"e51e81b\" data-element_type=\"widget\" data-widget_type=\"spacer.default\">\n\t\t\t\t<div class=\"elementor-widget-container\">\n\t\t\t<style>\/*! elementor - v3.22.0 - 26-06-2024 *\/\n.elementor-column .elementor-spacer-inner{height:var(--spacer-size)}.e-con{--container-widget-width:100%}.e-con-inner>.elementor-widget-spacer,.e-con>.elementor-widget-spacer{width:var(--container-widget-width,var(--spacer-size));--align-self:var(--container-widget-align-self,initial);--flex-shrink:0}.e-con-inner>.elementor-widget-spacer>.elementor-widget-container,.e-con>.elementor-widget-spacer>.elementor-widget-container{height:100%;width:100%}.e-con-inner>.elementor-widget-spacer>.elementor-widget-container>.elementor-spacer,.e-con>.elementor-widget-spacer>.elementor-widget-container>.elementor-spacer{height:100%}.e-con-inner>.elementor-widget-spacer>.elementor-widget-container>.elementor-spacer>.elementor-spacer-inner,.e-con>.elementor-widget-spacer>.elementor-widget-container>.elementor-spacer>.elementor-spacer-inner{height:var(--container-widget-height,var(--spacer-size))}.e-con-inner>.elementor-widget-spacer.elementor-widget-empty,.e-con>.elementor-widget-spacer.elementor-widget-empty{position:relative;min-height:22px;min-width:22px}.e-con-inner>.elementor-widget-spacer.elementor-widget-empty .elementor-widget-empty-icon,.e-con>.elementor-widget-spacer.elementor-widget-empty .elementor-widget-empty-icon{position:absolute;top:0;bottom:0;left:0;right:0;margin:auto;padding:0;width:22px;height:22px}<\/style>\t\t<div class=\"elementor-spacer\">\n\t\t\t<div class=\"elementor-spacer-inner\"><\/div>\n\t\t<\/div>\n\t\t\t\t<\/div>\n\t\t\t\t<\/div>\n\t\t\t\t<div class=\"elementor-element elementor-element-c1a57b4 elementor-widget elementor-widget-text-editor\" data-id=\"c1a57b4\" data-element_type=\"widget\" data-widget_type=\"text-editor.default\">\n\t\t\t\t<div class=\"elementor-widget-container\">\n\t\t\t<style>\/*! elementor - v3.22.0 - 26-06-2024 *\/\n.elementor-widget-text-editor.elementor-drop-cap-view-stacked .elementor-drop-cap{background-color:#69727d;color:#fff}.elementor-widget-text-editor.elementor-drop-cap-view-framed .elementor-drop-cap{color:#69727d;border:3px solid;background-color:transparent}.elementor-widget-text-editor:not(.elementor-drop-cap-view-default) .elementor-drop-cap{margin-top:8px}.elementor-widget-text-editor:not(.elementor-drop-cap-view-default) .elementor-drop-cap-letter{width:1em;height:1em}.elementor-widget-text-editor .elementor-drop-cap{float:left;text-align:center;line-height:1;font-size:50px}.elementor-widget-text-editor .elementor-drop-cap-letter{display:inline-block}<\/style>\t\t\t\t<p style=\"text-align: left; font-size: 18px;\">El departamento de recursos humanos tiene la funci\u00f3n de planear, coordinar, controlar y evaluar las actividades relacionadas con la administraci\u00f3n de personal del Instituto Tecnol\u00f3gico as\u00ed como registrar y controlar los movimientos del personal, el pago de sus remuneraciones, suspensiones, problemas de pago y dem\u00e1s incidencias conforme a las normas y lineamientos establecidos por la Secretaria de Educaci\u00f3n P\u00fablica.<\/p>\t\t\t\t\t\t<\/div>\n\t\t\t\t<\/div>\n\t\t\t\t\t<\/div>\n\t\t\t\t<\/div>\n\t\t<div class=\"elementor-element elementor-element-9256698 e-con-full e-flex e-con e-parent\" data-id=\"9256698\" data-element_type=\"container\" data-settings=\"{&quot;background_background&quot;:&quot;classic&quot;}\">\n\t\t<div class=\"elementor-element elementor-element-187d64f e-con-full e-flex e-con e-child\" data-id=\"187d64f\" data-element_type=\"container\" data-settings=\"{&quot;background_background&quot;:&quot;gradient&quot;}\">\n\t\t\t\t<div class=\"elementor-element elementor-element-69fba21 elementor-widget__width-initial elementor-widget elementor-widget-text-editor\" data-id=\"69fba21\" data-element_type=\"widget\" data-widget_type=\"text-editor.default\">\n\t\t\t\t<div class=\"elementor-widget-container\">\n\t\t\t\t\t\t\t<h5 style=\"text-align: center;\"><span style=\"color: ##1f2124;\">\u00a0<\/span><\/h5><h5 style=\"text-align: center;\"><span style=\"color: #c8c8c8;\">\u00a0<\/span><\/h5><h5 style=\"text-align: center;\"><span style=\"color: #ffffff;\">\u00a0<\/span><\/h5><h5 style=\"text-align: center;\"><span style=\"color: #ffffff; font-family: var( --e-global-typography-text-font-family ), Sans-serif; font-size: 1.25rem; font-weight: var( --e-global-typography-text-font-weight );\">\u00a0<\/span><\/h5><h5 style=\"text-align: center;\"><span style=\"color: #808080;\">Mar\u00eda del Carmen Montesinos Hern\u00e1ndez<\/span><\/h5><div><span style=\"color: #808080;\">Jefa del departamento de<\/span><br \/><span style=\"color: #808080;\">recursos humanos<\/span><\/div>\t\t\t\t\t\t<\/div>\n\t\t\t\t<\/div>\n\t\t\t\t<\/div>\n\t\t<div class=\"elementor-element elementor-element-9345fc3 e-con-full e-flex e-con e-child\" data-id=\"9345fc3\" data-element_type=\"container\">\n\t\t<div class=\"elementor-element elementor-element-01094d1 e-con-full e-flex e-con e-child\" data-id=\"01094d1\" data-element_type=\"container\" data-settings=\"{&quot;background_background&quot;:&quot;classic&quot;}\">\n\t\t\t\t<div class=\"elementor-element elementor-element-5d6d0cf elementor-widget elementor-widget-text-editor\" data-id=\"5d6d0cf\" data-element_type=\"widget\" data-widget_type=\"text-editor.default\">\n\t\t\t\t<div class=\"elementor-widget-container\">\n\t\t\t\t\t\t\t<h4><b>Arely Concepci\u00f3n Ram\u00edrez Arag\u00f3n<\/b><\/h4><p><span style=\"color: #808080;\"><strong>Jefa de la oficina de registros y controles<\/strong><\/span><\/p><ul><li>Control y seguimiento de asistencia<\/li><li>Constancias de servicios<\/li><li>Seguimiento a capacitaci\u00f3n<\/li><\/ul>\t\t\t\t\t\t<\/div>\n\t\t\t\t<\/div>\n\t\t\t\t<\/div>\n\t\t<div class=\"elementor-element elementor-element-4c54b5b e-con-full e-flex e-con e-child\" data-id=\"4c54b5b\" data-element_type=\"container\" data-settings=\"{&quot;background_background&quot;:&quot;classic&quot;}\">\n\t\t\t\t<div class=\"elementor-element elementor-element-6f1b7ff elementor-widget elementor-widget-text-editor\" data-id=\"6f1b7ff\" data-element_type=\"widget\" data-widget_type=\"text-editor.default\">\n\t\t\t\t<div class=\"elementor-widget-container\">\n\t\t\t\t\t\t\t<h4><span style=\"font-size: 1.375rem; color: var( --e-global-color-text ); font-family: var( --e-global-typography-text-font-family ), Sans-serif; text-align: var(--text-align);\">Raquel<\/span><strong><span style=\"font-size: 1.375rem; color: var( --e-global-color-text ); font-family: var( --e-global-typography-text-font-family ), Sans-serif; text-align: var(--text-align);\"> Gonz\u00e1lez Garc\u00eda<\/span><\/strong><\/h4><p><strong>Jefa de oficina de servicios al personal<\/strong><\/p><ul><li style=\"text-align: left;\">Est\u00edmulos de antig\u00fcedad<\/li><li style=\"text-align: left;\">Prestaciones devengadas<\/li><li style=\"text-align: left;\">Hoja \u00fanica de servicios<\/li><li style=\"text-align: left;\">Cambio de banco<\/li><li style=\"text-align: left;\">Historial laboral<\/li><li style=\"text-align: left;\">Jubilaciones<\/li><\/ul>\t\t\t\t\t\t<\/div>\n\t\t\t\t<\/div>\n\t\t\t\t<\/div>\n\t\t\t\t<\/div>\n\t\t\t\t<\/div>\n\t\t<div class=\"elementor-element elementor-element-e927179 e-flex e-con-boxed e-con e-parent\" data-id=\"e927179\" data-element_type=\"container\">\n\t\t\t\t\t<div class=\"e-con-inner\">\n\t\t\t\t<div class=\"elementor-element elementor-element-906a531 elementor-widget elementor-widget-text-editor\" data-id=\"906a531\" data-element_type=\"widget\" data-widget_type=\"text-editor.default\">\n\t\t\t\t<div class=\"elementor-widget-container\">\n\t\t\t\t\t\t\t<p><span style=\"font-weight: 400;\">Contacto:<\/span><\/p><p><span style=\"font-weight: 400;\">\u00a0rh_voaxaca@tecnm.mx<\/span><\/p>\t\t\t\t\t\t<\/div>\n\t\t\t\t<\/div>\n\t\t\t\t\t<\/div>\n\t\t\t\t<\/div>\n\t\t\t\t<\/div>\n\t\t","protected":false},"excerpt":{"rendered":"<p>El departamento de recursos humanos tiene la funci\u00f3n de planear, coordinar, controlar y evaluar las actividades relacionadas con la administraci\u00f3n de personal del Instituto Tecnol\u00f3gico as\u00ed como registrar y controlar [&hellip;]<\/p>\n","protected":false},"author":1,"featured_media":0,"parent":0,"menu_order":0,"comment_status":"closed","ping_status":"closed","template":"","meta":{"footnotes":""},"class_list":["post-1481","page","type-page","status-publish","hentry"],"yoast_head":"<!-- This site is optimized with the Yoast SEO plugin v22.8 - https:\/\/yoast.com\/wordpress\/plugins\/seo\/ -->\n<title>Departamento de recursos Humanos - Recursos Humanos<\/title>\n<meta name=\"robots\" content=\"index, follow, max-snippet:-1, max-image-preview:large, max-video-preview:-1\" \/>\n<link rel=\"canonical\" href=\"https:\/\/rh1.voaxaca.tecnm.mx\/\" \/>\n<meta property=\"og:locale\" content=\"es_MX\" \/>\n<meta property=\"og:type\" content=\"article\" \/>\n<meta property=\"og:title\" content=\"Departamento de recursos Humanos - Recursos Humanos\" \/>\n<meta property=\"og:description\" content=\"El departamento de recursos humanos tiene la funci\u00f3n de planear, coordinar, controlar y evaluar las actividades relacionadas con la administraci\u00f3n de personal del Instituto Tecnol\u00f3gico as\u00ed como registrar y controlar [&hellip;]\" \/>\n<meta property=\"og:url\" content=\"https:\/\/rh1.voaxaca.tecnm.mx\/\" \/>\n<meta property=\"og:site_name\" content=\"Recursos Humanos\" \/>\n<meta property=\"article:modified_time\" content=\"2026-01-28T02:38:08+00:00\" \/>\n<meta name=\"twitter:card\" content=\"summary_large_image\" \/>\n<meta name=\"twitter:label1\" content=\"Tiempo de lectura\" \/>\n\t<meta name=\"twitter:data1\" content=\"1 minuto\" \/>\n<script type=\"application\/ld+json\" class=\"yoast-schema-graph\">{\"@context\":\"https:\/\/schema.org\",\"@graph\":[{\"@type\":\"WebPage\",\"@id\":\"https:\/\/rh1.voaxaca.tecnm.mx\/\",\"url\":\"https:\/\/rh1.voaxaca.tecnm.mx\/\",\"name\":\"Departamento de recursos Humanos - Recursos Humanos\",\"isPartOf\":{\"@id\":\"https:\/\/rh1.voaxaca.tecnm.mx\/#website\"},\"datePublished\":\"2024-08-01T21:40:00+00:00\",\"dateModified\":\"2026-01-28T02:38:08+00:00\",\"breadcrumb\":{\"@id\":\"https:\/\/rh1.voaxaca.tecnm.mx\/#breadcrumb\"},\"inLanguage\":\"es\",\"potentialAction\":[{\"@type\":\"ReadAction\",\"target\":[\"https:\/\/rh1.voaxaca.tecnm.mx\/\"]}]},{\"@type\":\"BreadcrumbList\",\"@id\":\"https:\/\/rh1.voaxaca.tecnm.mx\/#breadcrumb\",\"itemListElement\":[{\"@type\":\"ListItem\",\"position\":1,\"name\":\"Inicio\",\"item\":\"https:\/\/rh1.voaxaca.tecnm.mx\/\"},{\"@type\":\"ListItem\",\"position\":2,\"name\":\"Departamento de recursos Humanos\"}]},{\"@type\":\"WebSite\",\"@id\":\"https:\/\/rh1.voaxaca.tecnm.mx\/#website\",\"url\":\"https:\/\/rh1.voaxaca.tecnm.mx\/\",\"name\":\"Recursos Humanos\",\"description\":\"RECURSOS HUMANOS\",\"potentialAction\":[{\"@type\":\"SearchAction\",\"target\":{\"@type\":\"EntryPoint\",\"urlTemplate\":\"https:\/\/rh1.voaxaca.tecnm.mx\/?s={search_term_string}\"},\"query-input\":\"required name=search_term_string\"}],\"inLanguage\":\"es\"}]}<\/script>\n<!-- \/ Yoast SEO plugin. -->","yoast_head_json":{"title":"Departamento de recursos Humanos - Recursos Humanos","robots":{"index":"index","follow":"follow","max-snippet":"max-snippet:-1","max-image-preview":"max-image-preview:large","max-video-preview":"max-video-preview:-1"},"canonical":"https:\/\/rh1.voaxaca.tecnm.mx\/","og_locale":"es_MX","og_type":"article","og_title":"Departamento de recursos Humanos - Recursos Humanos","og_description":"El departamento de recursos humanos tiene la funci\u00f3n de planear, coordinar, controlar y evaluar las actividades relacionadas con la administraci\u00f3n de personal del Instituto Tecnol\u00f3gico as\u00ed como registrar y controlar [&hellip;]","og_url":"https:\/\/rh1.voaxaca.tecnm.mx\/","og_site_name":"Recursos Humanos","article_modified_time":"2026-01-28T02:38:08+00:00","twitter_card":"summary_large_image","twitter_misc":{"Tiempo de lectura":"1 minuto"},"schema":{"@context":"https:\/\/schema.org","@graph":[{"@type":"WebPage","@id":"https:\/\/rh1.voaxaca.tecnm.mx\/","url":"https:\/\/rh1.voaxaca.tecnm.mx\/","name":"Departamento de recursos Humanos - Recursos Humanos","isPartOf":{"@id":"https:\/\/rh1.voaxaca.tecnm.mx\/#website"},"datePublished":"2024-08-01T21:40:00+00:00","dateModified":"2026-01-28T02:38:08+00:00","breadcrumb":{"@id":"https:\/\/rh1.voaxaca.tecnm.mx\/#breadcrumb"},"inLanguage":"es","potentialAction":[{"@type":"ReadAction","target":["https:\/\/rh1.voaxaca.tecnm.mx\/"]}]},{"@type":"BreadcrumbList","@id":"https:\/\/rh1.voaxaca.tecnm.mx\/#breadcrumb","itemListElement":[{"@type":"ListItem","position":1,"name":"Inicio","item":"https:\/\/rh1.voaxaca.tecnm.mx\/"},{"@type":"ListItem","position":2,"name":"Departamento de recursos Humanos"}]},{"@type":"WebSite","@id":"https:\/\/rh1.voaxaca.tecnm.mx\/#website","url":"https:\/\/rh1.voaxaca.tecnm.mx\/","name":"Recursos Humanos","description":"RECURSOS HUMANOS","potentialAction":[{"@type":"SearchAction","target":{"@type":"EntryPoint","urlTemplate":"https:\/\/rh1.voaxaca.tecnm.mx\/?s={search_term_string}"},"query-input":"required name=search_term_string"}],"inLanguage":"es"}]}},"_links":{"self":[{"href":"https:\/\/rh1.voaxaca.tecnm.mx\/index.php\/wp-json\/wp\/v2\/pages\/1481","targetHints":{"allow":["GET"]}}],"collection":[{"href":"https:\/\/rh1.voaxaca.tecnm.mx\/index.php\/wp-json\/wp\/v2\/pages"}],"about":[{"href":"https:\/\/rh1.voaxaca.tecnm.mx\/index.php\/wp-json\/wp\/v2\/types\/page"}],"author":[{"embeddable":true,"href":"https:\/\/rh1.voaxaca.tecnm.mx\/index.php\/wp-json\/wp\/v2\/users\/1"}],"replies":[{"embeddable":true,"href":"https:\/\/rh1.voaxaca.tecnm.mx\/index.php\/wp-json\/wp\/v2\/comments?post=1481"}],"version-history":[{"count":179,"href":"https:\/\/rh1.voaxaca.tecnm.mx\/index.php\/wp-json\/wp\/v2\/pages\/1481\/revisions"}],"predecessor-version":[{"id":2700,"href":"https:\/\/rh1.voaxaca.tecnm.mx\/index.php\/wp-json\/wp\/v2\/pages\/1481\/revisions\/2700"}],"wp:attachment":[{"href":"https:\/\/rh1.voaxaca.tecnm.mx\/index.php\/wp-json\/wp\/v2\/media?parent=1481"}],"curies":[{"name":"wp","href":"https:\/\/api.w.org\/{rel}","templated":true}]}}