{"id":793,"date":"2024-05-19T05:58:58","date_gmt":"2024-05-19T05:58:58","guid":{"rendered":"https:\/\/rh1.voaxaca.tecnm.mx\/?page_id=793"},"modified":"2025-03-13T17:15:43","modified_gmt":"2025-03-13T17:15:43","slug":"normateca","status":"publish","type":"page","link":"https:\/\/rh1.voaxaca.tecnm.mx\/index.php\/normateca\/","title":{"rendered":"NORMATECA"},"content":{"rendered":"\t\t<div data-elementor-type=\"wp-page\" data-elementor-id=\"793\" class=\"elementor elementor-793\" data-elementor-post-type=\"page\">\n\t\t\t\t<div class=\"elementor-element elementor-element-56347f6 e-con-full e-flex e-con e-parent\" data-id=\"56347f6\" data-element_type=\"container\">\n\t\t\t\t<div class=\"elementor-element elementor-element-342177e elementor-drop-cap-yes elementor-drop-cap-view-default elementor-invisible elementor-widget elementor-widget-text-editor\" data-id=\"342177e\" data-element_type=\"widget\" data-settings=\"{&quot;drop_cap&quot;:&quot;yes&quot;,&quot;_animation&quot;:&quot;fadeIn&quot;}\" data-widget_type=\"text-editor.default\">\n\t\t\t\t<div class=\"elementor-widget-container\">\n\t\t\t<style>\/*! elementor - v3.22.0 - 26-06-2024 *\/\n.elementor-widget-text-editor.elementor-drop-cap-view-stacked .elementor-drop-cap{background-color:#69727d;color:#fff}.elementor-widget-text-editor.elementor-drop-cap-view-framed .elementor-drop-cap{color:#69727d;border:3px solid;background-color:transparent}.elementor-widget-text-editor:not(.elementor-drop-cap-view-default) .elementor-drop-cap{margin-top:8px}.elementor-widget-text-editor:not(.elementor-drop-cap-view-default) .elementor-drop-cap-letter{width:1em;height:1em}.elementor-widget-text-editor .elementor-drop-cap{float:left;text-align:center;line-height:1;font-size:50px}.elementor-widget-text-editor .elementor-drop-cap-letter{display:inline-block}<\/style>\t\t\t\t<p style=\"text-align: left;\">L<strong>EY FEDERAL DE LOS TRABAJADORES AL SERVICIO DEL ESTADO<\/strong><br \/>REGLAMENTARIA DEL APARTADO B) DEL ART\u00cdCULO 123 CONSTITUCIONAL<br \/>Nueva Ley Publicada en el Diario Oficial de la Federaci\u00f3n el 28 de diciembre de 1963<\/p>\t\t\t\t\t\t<\/div>\n\t\t\t\t<\/div>\n\t\t\t\t<div class=\"elementor-element elementor-element-19701f0 elementor-button-success elementor-align-left elementor-widget elementor-widget-button\" data-id=\"19701f0\" data-element_type=\"widget\" data-widget_type=\"button.default\">\n\t\t\t\t<div class=\"elementor-widget-container\">\n\t\t\t\t\t<div class=\"elementor-button-wrapper\">\n\t\t\t<a class=\"elementor-button elementor-button-link elementor-size-sm\" href=\"https:\/\/rh1.voaxaca.tecnm.mx\/wp-content\/uploads\/2024\/06\/LFTSE.pdf\" target=\"_blank\" id=\"Ley federal\">\n\t\t\t\t\t\t<span class=\"elementor-button-content-wrapper\">\n\t\t\t\t\t\t<span class=\"elementor-button-icon\">\n\t\t\t\t<svg aria-hidden=\"true\" class=\"e-font-icon-svg e-fas-file-pdf\" viewBox=\"0 0 384 512\" xmlns=\"http:\/\/www.w3.org\/2000\/svg\"><path d=\"M181.9 256.1c-5-16-4.9-46.9-2-46.9 8.4 0 7.6 36.9 2 46.9zm-1.7 47.2c-7.7 20.2-17.3 43.3-28.4 62.7 18.3-7 39-17.2 62.9-21.9-12.7-9.6-24.9-23.4-34.5-40.8zM86.1 428.1c0 .8 13.2-5.4 34.9-40.2-6.7 6.3-29.1 24.5-34.9 40.2zM248 160h136v328c0 13.3-10.7 24-24 24H24c-13.3 0-24-10.7-24-24V24C0 10.7 10.7 0 24 0h200v136c0 13.2 10.8 24 24 24zm-8 171.8c-20-12.2-33.3-29-42.7-53.8 4.5-18.5 11.6-46.6 6.2-64.2-4.7-29.4-42.4-26.5-47.8-6.8-5 18.3-.4 44.1 8.1 77-11.6 27.6-28.7 64.6-40.8 85.8-.1 0-.1.1-.2.1-27.1 13.9-73.6 44.5-54.5 68 5.6 6.9 16 10 21.5 10 17.9 0 35.7-18 61.1-61.8 25.8-8.5 54.1-19.1 79-23.2 21.7 11.8 47.1 19.5 64 19.5 29.2 0 31.2-32 19.7-43.4-13.9-13.6-54.3-9.7-73.6-7.2zM377 105L279 7c-4.5-4.5-10.6-7-17-7h-6v128h128v-6.1c0-6.3-2.5-12.4-7-16.9zm-74.1 255.3c4.1-2.7-2.5-11.9-42.8-9 37.1 15.8 42.8 9 42.8 9z\"><\/path><\/svg>\t\t\t<\/span>\n\t\t\t\t\t\t\t\t\t<span class=\"elementor-button-text\">Ver PDF completo<\/span>\n\t\t\t\t\t<\/span>\n\t\t\t\t\t<\/a>\n\t\t<\/div>\n\t\t\t\t<\/div>\n\t\t\t\t<\/div>\n\t\t\t\t<div class=\"elementor-element elementor-element-07ed66b elementor-drop-cap-yes elementor-drop-cap-view-default elementor-invisible elementor-widget elementor-widget-text-editor\" data-id=\"07ed66b\" data-element_type=\"widget\" data-settings=\"{&quot;drop_cap&quot;:&quot;yes&quot;,&quot;_animation&quot;:&quot;fadeIn&quot;}\" data-widget_type=\"text-editor.default\">\n\t\t\t\t<div class=\"elementor-widget-container\">\n\t\t\t\t\t\t\t<p style=\"text-align: left;\">R<strong>EGLAMENTO DE LAS CONDICIONES GENERALES DE TRABAJO DEL PERSONAL DE LA SECRETAR\u00cdA DE EDUCACI\u00d3N P\u00daBLICA<\/strong><br \/>El presente Reglamento es la observancia obligatoria para Funcionarios, Jefes y Empleados de la Secretar\u00eda de Educaci\u00f3n P\u00fablica, y tiene por objeto fijar las condiciones generales de trabajo del personal de base de la misma dependencia,<\/p>\t\t\t\t\t\t<\/div>\n\t\t\t\t<\/div>\n\t\t\t\t<div class=\"elementor-element elementor-element-2b4fcf1 elementor-align-left elementor-widget elementor-widget-button\" data-id=\"2b4fcf1\" data-element_type=\"widget\" data-widget_type=\"button.default\">\n\t\t\t\t<div class=\"elementor-widget-container\">\n\t\t\t\t\t<div class=\"elementor-button-wrapper\">\n\t\t\t<a class=\"elementor-button elementor-button-link elementor-size-sm\" href=\"https:\/\/rh1.voaxaca.tecnm.mx\/wp-content\/uploads\/2024\/05\/REGLAMENTO-DE-LASCONDICIONES-GENERAALES-DE-LA-SEP.pdf\" target=\"_blank\" rel=\"nofollow\" id=\"Reglamento de las condiciones \">\n\t\t\t\t\t\t<span class=\"elementor-button-content-wrapper\">\n\t\t\t\t\t\t<span class=\"elementor-button-icon\">\n\t\t\t\t<svg aria-hidden=\"true\" class=\"e-font-icon-svg e-fas-file-pdf\" viewBox=\"0 0 384 512\" xmlns=\"http:\/\/www.w3.org\/2000\/svg\"><path d=\"M181.9 256.1c-5-16-4.9-46.9-2-46.9 8.4 0 7.6 36.9 2 46.9zm-1.7 47.2c-7.7 20.2-17.3 43.3-28.4 62.7 18.3-7 39-17.2 62.9-21.9-12.7-9.6-24.9-23.4-34.5-40.8zM86.1 428.1c0 .8 13.2-5.4 34.9-40.2-6.7 6.3-29.1 24.5-34.9 40.2zM248 160h136v328c0 13.3-10.7 24-24 24H24c-13.3 0-24-10.7-24-24V24C0 10.7 10.7 0 24 0h200v136c0 13.2 10.8 24 24 24zm-8 171.8c-20-12.2-33.3-29-42.7-53.8 4.5-18.5 11.6-46.6 6.2-64.2-4.7-29.4-42.4-26.5-47.8-6.8-5 18.3-.4 44.1 8.1 77-11.6 27.6-28.7 64.6-40.8 85.8-.1 0-.1.1-.2.1-27.1 13.9-73.6 44.5-54.5 68 5.6 6.9 16 10 21.5 10 17.9 0 35.7-18 61.1-61.8 25.8-8.5 54.1-19.1 79-23.2 21.7 11.8 47.1 19.5 64 19.5 29.2 0 31.2-32 19.7-43.4-13.9-13.6-54.3-9.7-73.6-7.2zM377 105L279 7c-4.5-4.5-10.6-7-17-7h-6v128h128v-6.1c0-6.3-2.5-12.4-7-16.9zm-74.1 255.3c4.1-2.7-2.5-11.9-42.8-9 37.1 15.8 42.8 9 42.8 9z\"><\/path><\/svg>\t\t\t<\/span>\n\t\t\t\t\t\t\t\t\t<span class=\"elementor-button-text\">Ver PDF completo<\/span>\n\t\t\t\t\t<\/span>\n\t\t\t\t\t<\/a>\n\t\t<\/div>\n\t\t\t\t<\/div>\n\t\t\t\t<\/div>\n\t\t\t\t<div class=\"elementor-element elementor-element-267e7ad elementor-drop-cap-yes elementor-drop-cap-view-default elementor-invisible elementor-widget elementor-widget-text-editor\" data-id=\"267e7ad\" data-element_type=\"widget\" data-settings=\"{&quot;drop_cap&quot;:&quot;yes&quot;,&quot;_animation&quot;:&quot;fadeIn&quot;}\" data-widget_type=\"text-editor.default\">\n\t\t\t\t<div class=\"elementor-widget-container\">\n\t\t\t\t\t\t\t<div class=\"wp-block-buttons\"><div class=\"wp-block-button\"><p class=\"has-text-align-center\" style=\"text-align: left;\">R<strong>EGLAMENTO<\/strong><strong> INTERIOR DE TRABAJO DEL PERSONAL DOCENTE DE LOS INSTITUTOS TECNOLOGICOS<br \/><\/strong>Reglamento interno de trabajo del personal no docente de los institutos tecnol\u00f3gicos, este reglamento fija las condiciones interiores de trabajo del personal no docente y, regula las relaciones laborales entre \u00e9ste y las autoridades de los institutos tecnol\u00f3gicos, para quienes ser\u00e1 obligatoria su observancia.<em><br \/><\/em><\/p><\/div><\/div>\t\t\t\t\t\t<\/div>\n\t\t\t\t<\/div>\n\t\t\t\t<div class=\"elementor-element elementor-element-93934bd elementor-align-left elementor-widget elementor-widget-button\" data-id=\"93934bd\" data-element_type=\"widget\" data-widget_type=\"button.default\">\n\t\t\t\t<div class=\"elementor-widget-container\">\n\t\t\t\t\t<div class=\"elementor-button-wrapper\">\n\t\t\t<a class=\"elementor-button elementor-button-link elementor-size-sm\" href=\"https:\/\/rh1.voaxaca.tecnm.mx\/wp-content\/uploads\/2024\/06\/REGLAMENTO_DOCENTE.pdf\" target=\"_blank\" id=\"Relamento interior de trabajo \">\n\t\t\t\t\t\t<span class=\"elementor-button-content-wrapper\">\n\t\t\t\t\t\t<span class=\"elementor-button-icon\">\n\t\t\t\t<svg aria-hidden=\"true\" class=\"e-font-icon-svg e-fas-file-pdf\" viewBox=\"0 0 384 512\" xmlns=\"http:\/\/www.w3.org\/2000\/svg\"><path d=\"M181.9 256.1c-5-16-4.9-46.9-2-46.9 8.4 0 7.6 36.9 2 46.9zm-1.7 47.2c-7.7 20.2-17.3 43.3-28.4 62.7 18.3-7 39-17.2 62.9-21.9-12.7-9.6-24.9-23.4-34.5-40.8zM86.1 428.1c0 .8 13.2-5.4 34.9-40.2-6.7 6.3-29.1 24.5-34.9 40.2zM248 160h136v328c0 13.3-10.7 24-24 24H24c-13.3 0-24-10.7-24-24V24C0 10.7 10.7 0 24 0h200v136c0 13.2 10.8 24 24 24zm-8 171.8c-20-12.2-33.3-29-42.7-53.8 4.5-18.5 11.6-46.6 6.2-64.2-4.7-29.4-42.4-26.5-47.8-6.8-5 18.3-.4 44.1 8.1 77-11.6 27.6-28.7 64.6-40.8 85.8-.1 0-.1.1-.2.1-27.1 13.9-73.6 44.5-54.5 68 5.6 6.9 16 10 21.5 10 17.9 0 35.7-18 61.1-61.8 25.8-8.5 54.1-19.1 79-23.2 21.7 11.8 47.1 19.5 64 19.5 29.2 0 31.2-32 19.7-43.4-13.9-13.6-54.3-9.7-73.6-7.2zM377 105L279 7c-4.5-4.5-10.6-7-17-7h-6v128h128v-6.1c0-6.3-2.5-12.4-7-16.9zm-74.1 255.3c4.1-2.7-2.5-11.9-42.8-9 37.1 15.8 42.8 9 42.8 9z\"><\/path><\/svg>\t\t\t<\/span>\n\t\t\t\t\t\t\t\t\t<span class=\"elementor-button-text\">Ver PDF completo<\/span>\n\t\t\t\t\t<\/span>\n\t\t\t\t\t<\/a>\n\t\t<\/div>\n\t\t\t\t<\/div>\n\t\t\t\t<\/div>\n\t\t\t\t<div class=\"elementor-element elementor-element-7acceab elementor-drop-cap-yes elementor-drop-cap-view-default elementor-invisible elementor-widget elementor-widget-text-editor\" data-id=\"7acceab\" data-element_type=\"widget\" data-settings=\"{&quot;_animation&quot;:&quot;fadeIn&quot;,&quot;drop_cap&quot;:&quot;yes&quot;}\" data-widget_type=\"text-editor.default\">\n\t\t\t\t<div class=\"elementor-widget-container\">\n\t\t\t\t\t\t\t<p style=\"text-align: left;\">R<strong>EGLAMENTO INTERNO DE TRABAJO DEL PERSONAL NO DOCENTE DE LOS INSTITUTOS TECNOL\u00d3GICOS<\/strong>,\u00a0<br \/>Este reglamento fija las condiciones interiores de trabajo del personal no docente y, regula las relaciones laborales entre \u00e9ste y las autoridades de los institutos tecnol\u00f3gicos, para quienes ser\u00e1 obligatoria su observancia.<\/p>\t\t\t\t\t\t<\/div>\n\t\t\t\t<\/div>\n\t\t\t\t<div class=\"elementor-element elementor-element-f6efe7f elementor-align-left elementor-widget elementor-widget-button\" data-id=\"f6efe7f\" data-element_type=\"widget\" data-widget_type=\"button.default\">\n\t\t\t\t<div class=\"elementor-widget-container\">\n\t\t\t\t\t<div class=\"elementor-button-wrapper\">\n\t\t\t<a class=\"elementor-button elementor-button-link elementor-size-sm\" href=\"https:\/\/rh1.voaxaca.tecnm.mx\/wp-content\/uploads\/2024\/06\/REGLAMENTO_NO_DOCENTE.pdf\" target=\"_blank\" rel=\"nofollow\" id=\"reglamento interno de trabajo no docente \">\n\t\t\t\t\t\t<span class=\"elementor-button-content-wrapper\">\n\t\t\t\t\t\t<span class=\"elementor-button-icon\">\n\t\t\t\t<svg aria-hidden=\"true\" class=\"e-font-icon-svg e-fas-file-pdf\" viewBox=\"0 0 384 512\" xmlns=\"http:\/\/www.w3.org\/2000\/svg\"><path d=\"M181.9 256.1c-5-16-4.9-46.9-2-46.9 8.4 0 7.6 36.9 2 46.9zm-1.7 47.2c-7.7 20.2-17.3 43.3-28.4 62.7 18.3-7 39-17.2 62.9-21.9-12.7-9.6-24.9-23.4-34.5-40.8zM86.1 428.1c0 .8 13.2-5.4 34.9-40.2-6.7 6.3-29.1 24.5-34.9 40.2zM248 160h136v328c0 13.3-10.7 24-24 24H24c-13.3 0-24-10.7-24-24V24C0 10.7 10.7 0 24 0h200v136c0 13.2 10.8 24 24 24zm-8 171.8c-20-12.2-33.3-29-42.7-53.8 4.5-18.5 11.6-46.6 6.2-64.2-4.7-29.4-42.4-26.5-47.8-6.8-5 18.3-.4 44.1 8.1 77-11.6 27.6-28.7 64.6-40.8 85.8-.1 0-.1.1-.2.1-27.1 13.9-73.6 44.5-54.5 68 5.6 6.9 16 10 21.5 10 17.9 0 35.7-18 61.1-61.8 25.8-8.5 54.1-19.1 79-23.2 21.7 11.8 47.1 19.5 64 19.5 29.2 0 31.2-32 19.7-43.4-13.9-13.6-54.3-9.7-73.6-7.2zM377 105L279 7c-4.5-4.5-10.6-7-17-7h-6v128h128v-6.1c0-6.3-2.5-12.4-7-16.9zm-74.1 255.3c4.1-2.7-2.5-11.9-42.8-9 37.1 15.8 42.8 9 42.8 9z\"><\/path><\/svg>\t\t\t<\/span>\n\t\t\t\t\t\t\t\t\t<span class=\"elementor-button-text\">Consultar <\/span>\n\t\t\t\t\t<\/span>\n\t\t\t\t\t<\/a>\n\t\t<\/div>\n\t\t\t\t<\/div>\n\t\t\t\t<\/div>\n\t\t\t\t<div class=\"elementor-element elementor-element-b39043c elementor-drop-cap-yes elementor-drop-cap-view-default elementor-invisible elementor-widget elementor-widget-text-editor\" data-id=\"b39043c\" data-element_type=\"widget\" data-settings=\"{&quot;_animation&quot;:&quot;fadeIn&quot;,&quot;drop_cap&quot;:&quot;yes&quot;}\" data-widget_type=\"text-editor.default\">\n\t\t\t\t<div class=\"elementor-widget-container\">\n\t\t\t\t\t\t\t<p style=\"text-align: left;\">M<strong>ANUAL DE ORGANIZACION DE LOS INSTITUTOS TECNOL\u00d3GICOS<\/strong>,\u00a0<br \/>El presente manual de organizaci\u00f3n es un instrumento que habr\u00e1 de coadyuvar a la modernizaci\u00f3n del funcionamiento del instituto tecnol\u00f3gico, a fin de mejorar la respuesta a los requerimientos de formaci\u00f3n de profesionales t\u00e9cnicos de alto nivel que el pa\u00eds demanda, en los actuales momentos de cambio y de apertura comercial en un mundo cada vez m\u00e1s competitivo.<\/p>\t\t\t\t\t\t<\/div>\n\t\t\t\t<\/div>\n\t\t\t\t<div class=\"elementor-element elementor-element-aa2e685 elementor-align-left elementor-widget elementor-widget-button\" data-id=\"aa2e685\" data-element_type=\"widget\" data-widget_type=\"button.default\">\n\t\t\t\t<div class=\"elementor-widget-container\">\n\t\t\t\t\t<div class=\"elementor-button-wrapper\">\n\t\t\t<a class=\"elementor-button elementor-button-link elementor-size-sm\" href=\"https:\/\/rh1.voaxaca.tecnm.mx\/wp-content\/uploads\/2025\/03\/Manual_de_Organizacion.pdf\" target=\"_blank\" rel=\"nofollow\" id=\"reglamento interno de trabajo no docente \">\n\t\t\t\t\t\t<span class=\"elementor-button-content-wrapper\">\n\t\t\t\t\t\t<span class=\"elementor-button-icon\">\n\t\t\t\t<svg aria-hidden=\"true\" class=\"e-font-icon-svg e-fas-file-pdf\" viewBox=\"0 0 384 512\" xmlns=\"http:\/\/www.w3.org\/2000\/svg\"><path d=\"M181.9 256.1c-5-16-4.9-46.9-2-46.9 8.4 0 7.6 36.9 2 46.9zm-1.7 47.2c-7.7 20.2-17.3 43.3-28.4 62.7 18.3-7 39-17.2 62.9-21.9-12.7-9.6-24.9-23.4-34.5-40.8zM86.1 428.1c0 .8 13.2-5.4 34.9-40.2-6.7 6.3-29.1 24.5-34.9 40.2zM248 160h136v328c0 13.3-10.7 24-24 24H24c-13.3 0-24-10.7-24-24V24C0 10.7 10.7 0 24 0h200v136c0 13.2 10.8 24 24 24zm-8 171.8c-20-12.2-33.3-29-42.7-53.8 4.5-18.5 11.6-46.6 6.2-64.2-4.7-29.4-42.4-26.5-47.8-6.8-5 18.3-.4 44.1 8.1 77-11.6 27.6-28.7 64.6-40.8 85.8-.1 0-.1.1-.2.1-27.1 13.9-73.6 44.5-54.5 68 5.6 6.9 16 10 21.5 10 17.9 0 35.7-18 61.1-61.8 25.8-8.5 54.1-19.1 79-23.2 21.7 11.8 47.1 19.5 64 19.5 29.2 0 31.2-32 19.7-43.4-13.9-13.6-54.3-9.7-73.6-7.2zM377 105L279 7c-4.5-4.5-10.6-7-17-7h-6v128h128v-6.1c0-6.3-2.5-12.4-7-16.9zm-74.1 255.3c4.1-2.7-2.5-11.9-42.8-9 37.1 15.8 42.8 9 42.8 9z\"><\/path><\/svg>\t\t\t<\/span>\n\t\t\t\t\t\t\t\t\t<span class=\"elementor-button-text\">Consultar <\/span>\n\t\t\t\t\t<\/span>\n\t\t\t\t\t<\/a>\n\t\t<\/div>\n\t\t\t\t<\/div>\n\t\t\t\t<\/div>\n\t\t\t\t<\/div>\n\t\t\t\t<\/div>\n\t\t","protected":false},"excerpt":{"rendered":"<p>LEY FEDERAL DE LOS TRABAJADORES AL SERVICIO DEL ESTADOREGLAMENTARIA DEL APARTADO B) DEL ART\u00cdCULO 123 CONSTITUCIONALNueva Ley Publicada en el Diario Oficial de la Federaci\u00f3n el 28 de diciembre de [&hellip;]<\/p>\n","protected":false},"author":1,"featured_media":0,"parent":0,"menu_order":0,"comment_status":"closed","ping_status":"closed","template":"","meta":{"footnotes":""},"class_list":["post-793","page","type-page","status-publish","hentry"],"yoast_head":"<!-- This site is optimized with the Yoast SEO plugin v22.8 - https:\/\/yoast.com\/wordpress\/plugins\/seo\/ -->\n<title>NORMATECA - Recursos Humanos<\/title>\n<meta name=\"robots\" content=\"index, follow, max-snippet:-1, max-image-preview:large, max-video-preview:-1\" \/>\n<link rel=\"canonical\" href=\"https:\/\/rh1.voaxaca.tecnm.mx\/index.php\/normateca\/\" \/>\n<meta property=\"og:locale\" content=\"es_MX\" \/>\n<meta property=\"og:type\" content=\"article\" \/>\n<meta property=\"og:title\" content=\"NORMATECA - Recursos Humanos\" \/>\n<meta property=\"og:description\" content=\"LEY FEDERAL DE LOS TRABAJADORES AL SERVICIO DEL ESTADOREGLAMENTARIA DEL APARTADO B) DEL ART\u00cdCULO 123 CONSTITUCIONALNueva Ley Publicada en el Diario Oficial de la Federaci\u00f3n el 28 de diciembre de [&hellip;]\" \/>\n<meta property=\"og:url\" content=\"https:\/\/rh1.voaxaca.tecnm.mx\/index.php\/normateca\/\" \/>\n<meta property=\"og:site_name\" content=\"Recursos Humanos\" \/>\n<meta property=\"article:modified_time\" content=\"2025-03-13T17:15:43+00:00\" \/>\n<meta name=\"twitter:card\" content=\"summary_large_image\" \/>\n<meta name=\"twitter:label1\" content=\"Tiempo de lectura\" \/>\n\t<meta name=\"twitter:data1\" content=\"2 minutos\" \/>\n<script type=\"application\/ld+json\" class=\"yoast-schema-graph\">{\"@context\":\"https:\/\/schema.org\",\"@graph\":[{\"@type\":\"WebPage\",\"@id\":\"https:\/\/rh1.voaxaca.tecnm.mx\/index.php\/normateca\/\",\"url\":\"https:\/\/rh1.voaxaca.tecnm.mx\/index.php\/normateca\/\",\"name\":\"NORMATECA - Recursos Humanos\",\"isPartOf\":{\"@id\":\"https:\/\/rh1.voaxaca.tecnm.mx\/#website\"},\"datePublished\":\"2024-05-19T05:58:58+00:00\",\"dateModified\":\"2025-03-13T17:15:43+00:00\",\"breadcrumb\":{\"@id\":\"https:\/\/rh1.voaxaca.tecnm.mx\/index.php\/normateca\/#breadcrumb\"},\"inLanguage\":\"es\",\"potentialAction\":[{\"@type\":\"ReadAction\",\"target\":[\"https:\/\/rh1.voaxaca.tecnm.mx\/index.php\/normateca\/\"]}]},{\"@type\":\"BreadcrumbList\",\"@id\":\"https:\/\/rh1.voaxaca.tecnm.mx\/index.php\/normateca\/#breadcrumb\",\"itemListElement\":[{\"@type\":\"ListItem\",\"position\":1,\"name\":\"Inicio\",\"item\":\"https:\/\/rh1.voaxaca.tecnm.mx\/\"},{\"@type\":\"ListItem\",\"position\":2,\"name\":\"NORMATECA\"}]},{\"@type\":\"WebSite\",\"@id\":\"https:\/\/rh1.voaxaca.tecnm.mx\/#website\",\"url\":\"https:\/\/rh1.voaxaca.tecnm.mx\/\",\"name\":\"Recursos Humanos\",\"description\":\"RECURSOS HUMANOS\",\"potentialAction\":[{\"@type\":\"SearchAction\",\"target\":{\"@type\":\"EntryPoint\",\"urlTemplate\":\"https:\/\/rh1.voaxaca.tecnm.mx\/?s={search_term_string}\"},\"query-input\":\"required name=search_term_string\"}],\"inLanguage\":\"es\"}]}<\/script>\n<!-- \/ Yoast SEO plugin. -->","yoast_head_json":{"title":"NORMATECA - Recursos Humanos","robots":{"index":"index","follow":"follow","max-snippet":"max-snippet:-1","max-image-preview":"max-image-preview:large","max-video-preview":"max-video-preview:-1"},"canonical":"https:\/\/rh1.voaxaca.tecnm.mx\/index.php\/normateca\/","og_locale":"es_MX","og_type":"article","og_title":"NORMATECA - Recursos Humanos","og_description":"LEY FEDERAL DE LOS TRABAJADORES AL SERVICIO DEL ESTADOREGLAMENTARIA DEL APARTADO B) DEL ART\u00cdCULO 123 CONSTITUCIONALNueva Ley Publicada en el Diario Oficial de la Federaci\u00f3n el 28 de diciembre de [&hellip;]","og_url":"https:\/\/rh1.voaxaca.tecnm.mx\/index.php\/normateca\/","og_site_name":"Recursos Humanos","article_modified_time":"2025-03-13T17:15:43+00:00","twitter_card":"summary_large_image","twitter_misc":{"Tiempo de lectura":"2 minutos"},"schema":{"@context":"https:\/\/schema.org","@graph":[{"@type":"WebPage","@id":"https:\/\/rh1.voaxaca.tecnm.mx\/index.php\/normateca\/","url":"https:\/\/rh1.voaxaca.tecnm.mx\/index.php\/normateca\/","name":"NORMATECA - Recursos Humanos","isPartOf":{"@id":"https:\/\/rh1.voaxaca.tecnm.mx\/#website"},"datePublished":"2024-05-19T05:58:58+00:00","dateModified":"2025-03-13T17:15:43+00:00","breadcrumb":{"@id":"https:\/\/rh1.voaxaca.tecnm.mx\/index.php\/normateca\/#breadcrumb"},"inLanguage":"es","potentialAction":[{"@type":"ReadAction","target":["https:\/\/rh1.voaxaca.tecnm.mx\/index.php\/normateca\/"]}]},{"@type":"BreadcrumbList","@id":"https:\/\/rh1.voaxaca.tecnm.mx\/index.php\/normateca\/#breadcrumb","itemListElement":[{"@type":"ListItem","position":1,"name":"Inicio","item":"https:\/\/rh1.voaxaca.tecnm.mx\/"},{"@type":"ListItem","position":2,"name":"NORMATECA"}]},{"@type":"WebSite","@id":"https:\/\/rh1.voaxaca.tecnm.mx\/#website","url":"https:\/\/rh1.voaxaca.tecnm.mx\/","name":"Recursos Humanos","description":"RECURSOS HUMANOS","potentialAction":[{"@type":"SearchAction","target":{"@type":"EntryPoint","urlTemplate":"https:\/\/rh1.voaxaca.tecnm.mx\/?s={search_term_string}"},"query-input":"required name=search_term_string"}],"inLanguage":"es"}]}},"_links":{"self":[{"href":"https:\/\/rh1.voaxaca.tecnm.mx\/index.php\/wp-json\/wp\/v2\/pages\/793","targetHints":{"allow":["GET"]}}],"collection":[{"href":"https:\/\/rh1.voaxaca.tecnm.mx\/index.php\/wp-json\/wp\/v2\/pages"}],"about":[{"href":"https:\/\/rh1.voaxaca.tecnm.mx\/index.php\/wp-json\/wp\/v2\/types\/page"}],"author":[{"embeddable":true,"href":"https:\/\/rh1.voaxaca.tecnm.mx\/index.php\/wp-json\/wp\/v2\/users\/1"}],"replies":[{"embeddable":true,"href":"https:\/\/rh1.voaxaca.tecnm.mx\/index.php\/wp-json\/wp\/v2\/comments?post=793"}],"version-history":[{"count":196,"href":"https:\/\/rh1.voaxaca.tecnm.mx\/index.php\/wp-json\/wp\/v2\/pages\/793\/revisions"}],"predecessor-version":[{"id":2675,"href":"https:\/\/rh1.voaxaca.tecnm.mx\/index.php\/wp-json\/wp\/v2\/pages\/793\/revisions\/2675"}],"wp:attachment":[{"href":"https:\/\/rh1.voaxaca.tecnm.mx\/index.php\/wp-json\/wp\/v2\/media?parent=793"}],"curies":[{"name":"wp","href":"https:\/\/api.w.org\/{rel}","templated":true}]}}